{"id":371,"date":"2014-05-14T16:06:36","date_gmt":"2014-05-14T14:06:36","guid":{"rendered":"http:\/\/www.fedaiisf.it\/?page_id=371"},"modified":"2014-05-27T17:15:59","modified_gmt":"2014-05-27T15:15:59","slug":"relazione-disegno-di-legge-n-404","status":"publish","type":"page","link":"https:\/\/www.fedaiisf.it\/en\/relazione-disegno-di-legge-n-404\/","title":{"rendered":"Report on Draft Law n.404"},"content":{"rendered":"<p>Onorevoli Senatori. \u2013 La riproposizione del presente atto, gi\u00e0 approvato dal Senato il 25 gennaio 2001, si rende necessaria perch\u00e9, trasmesso alla fine della XIII legislatura alla Camera dei deputati, sub\u00ec l\u2019interruzione del suo iter per motivi di tempo. Gli articoli della proposta intendono apportare la necessaria regolamentazione in un settore molto particolare quale \u00e8 quello della attivit\u00e0 di informazione scientifica-farmaceutica con l\u2019istituzione dell\u2019albo degli informatori scientifici del farmaco.<br \/>\nInfatti, nel testo della proposta si definisce, tenendo conto di quanto gi\u00e0 sancito dalle disposizioni del decreto legislativo 30 dicembre 1992, n. 541, in attuazione della direttiva CEE 92\/28 concernente la pubblicit\u00e0 dei medicinali per uso umano, la figura dell\u2019informatore scientifico del farmaco.<br \/>\nAlla definizione di tale figura concorrono i titoli universitari richiesti per l\u2019esercizio della professione dell\u2019informatore scientifico acquisiti in base all\u2019ordinamento vigente. Nei vari articoli, si illustrano alcuni aspetti e alcuni doveri connessi al particolare tipo di lavoro in esame gi\u00e0 regolato dalle relative contrattazioni collettive tra le categorie interessate per legge. Di particolare importanza \u00e8 apparsa al legislatore la creazione di un albo professionale al quale siano iscritti quanti possiedono i titoli richiesti dalla presente normativa.<br \/>\nPer questi motivi se ne ritiene necessaria la riproposizione.<\/p>","protected":false},"excerpt":{"rendered":"<p>Onorevoli Senatori. \u2013 La riproposizione del presente atto, gi\u00e0 approvato dal Senato il 25 gennaio 2001, si rende necessaria perch\u00e9, trasmesso alla fine della XIII legislatura alla Camera dei deputati, sub\u00ec l\u2019interruzione del suo iter per motivi di tempo. Gli articoli della proposta intendono apportare la necessaria regolamentazione in un settore molto particolare quale \u00e8 &hellip;<\/p>","protected":false},"author":1,"featured_media":358,"parent":0,"menu_order":0,"comment_status":"closed","ping_status":"closed","template":"","meta":{"footnotes":""},"class_list":["post-371","page","type-page","status-publish","has-post-thumbnail","hentry"],"_links":{"self":[{"href":"https:\/\/www.fedaiisf.it\/en\/wp-json\/wp\/v2\/pages\/371","targetHints":{"allow":["GET"]}}],"collection":[{"href":"https:\/\/www.fedaiisf.it\/en\/wp-json\/wp\/v2\/pages"}],"about":[{"href":"https:\/\/www.fedaiisf.it\/en\/wp-json\/wp\/v2\/types\/page"}],"author":[{"embeddable":true,"href":"https:\/\/www.fedaiisf.it\/en\/wp-json\/wp\/v2\/users\/1"}],"replies":[{"embeddable":true,"href":"https:\/\/www.fedaiisf.it\/en\/wp-json\/wp\/v2\/comments?post=371"}],"version-history":[{"count":0,"href":"https:\/\/www.fedaiisf.it\/en\/wp-json\/wp\/v2\/pages\/371\/revisions"}],"wp:featuredmedia":[{"embeddable":true,"href":"https:\/\/www.fedaiisf.it\/en\/wp-json\/wp\/v2\/media\/358"}],"wp:attachment":[{"href":"https:\/\/www.fedaiisf.it\/en\/wp-json\/wp\/v2\/media?parent=371"}],"curies":[{"name":"wp","href":"https:\/\/api.w.org\/{rel}","templated":true}]}}