{"id":414,"date":"2014-05-14T16:39:56","date_gmt":"2014-05-14T14:39:56","guid":{"rendered":"http:\/\/www.fedaiisf.it\/?page_id=414"},"modified":"2014-05-27T16:24:03","modified_gmt":"2014-05-27T14:24:03","slug":"d-p-r-1-8-96-n-518","status":"publish","type":"page","link":"https:\/\/www.fedaiisf.it\/en\/d-p-r-1-8-96-n-518\/","title":{"rendered":"Presidential Decree 1-8-96 n. 518"},"content":{"rendered":"<p>DECRETO DEL PRESIDENTE DELLA REPUBBLICA<\/p>\n<p>1 agosto 1996 n. 518<\/p>\n<p>Regolamento concernente modifiche al decreto del Presidente della Repubblica 2 febbraio 1994, n. 196, recante riordino del Ministero della sanit\u00e0.<\/p>\n<p>IL PRESIDENTE DELLA REPUBBLICA:<\/p>\n<p>Visto l&#8217;art. 87 della Costituzione;<\/p>\n<p>Visto il decreto legislativo 30 giugno 1993, n. 266;<\/p>\n<p>Visto il decreto del Presidente della Repubblica 2 febbraio 1994, n. 196;<\/p>\n<p>Visto l&#8217;art. 6 del decreto legislativo 3 febbraio 1993, n. 29, nel testo sostituito dall&#8217;art. 4 del decreto<\/p>\n<p>legislativo 23 dicembre 1993, n. 546;<\/p>\n<p>Visto l&#8217;art. 28, comma 2, della legge 6 febbraio 1996, n. 52;<\/p>\n<p>Visto l&#8217;art. 17, comma 1, lettera d), della legge 23 agosto 1988, n. 400;<\/p>\n<p>Udito il parere del Consiglio di Stato, espresso nell&#8217;adunanza generale del 13 giugno 1996;<\/p>\n<p>Vista la deliberazione del Consiglio dei Ministri, adottata nella riunione del 26 luglio 1996;<\/p>\n<p>Sulla proposta del Ministro della sanit\u00e0, di concerto con i Ministri per la funzione pubblica e del<\/p>\n<p>tesoro;<\/p>\n<p>Emana<\/p>\n<p>il seguente regolamento:<\/p>\n<p>Article 1.<\/p>\n<p>1. Il comma 1 dell&#8217;art. 4 del decreto del Presidente della Repubblica 2 febbraio 1994, n. 196, \u00e8 sostituito dal seguente:<\/p>\n<p>\u00ab 1. I Dipartimenti, ai quali \u00e8 demandato lo svolgimento delle funzioni proprie del Ministero della sanit\u00e0 sono cos\u00ec individuati:<\/p>\n<p>a) Dipartimento della programmazione;<\/p>\n<p>b) Dipartimento delle professioni sanitarie, delle risorse umane e tecnologiche in sanit\u00e0 e dell&#8217;assistenza sanitaria di competenza statale;<\/p>\n<p>c) Dipartimento della prevenzione;<\/p>\n<p>d) Dipartimento degli alimenti e nutrizione e della sanit\u00e0 pubblica veterinaria;<\/p>\n<p>e) Dipartimento per la valutazione dei medicinali e la farmacovigilanza. \u00bb .<\/p>\n<p>2. Il comma 4 dell&#8217;art. 4 del decreto del Presidente della Repubblica 2 febbraio 1994, n. 196, \u00e8 sostituito dal seguente:<\/p>\n<p>\u00ab 4. Il Dipartimento della prevenzione svolge i compiti attinenti alla profilassi delle malattie infettive e diffusive, alla tutela igienico-sanitaria da fattori di inquinamento, all&#8217;igiene e sicurezza del lavoro, alla prevenzione delle tossicodipendenze, alle malattie di rilievo sociale e alla polizia mortuaria; coordina gli uffici di sanit\u00e0 marittima, aerea e di frontiera. \u00bb<\/p>\n<p>3. All&#8217;art. 4 del decreto del Presidente della Repubblica 2 febbraio 1994, n. 196, \u00e8 aggiunto il seguente comma:<\/p>\n<p>\u00ab 6. Il Dipartimento per la valutazione dei medicinali e la farmacovigilanza svolge i compiti attinenti ai farmaci ad uso umano, con particolare riguardo alla vigilanza sulla conformit\u00e0 delle specialit\u00e0 medicinali alle norme nazionali e comunitarie ed alla ricerca e sperimentazione, ivi compresi i presidi medicochirurgici ed altri prodotti chimici usati in medicina ed in cosmesi; provvede all&#8217;elaborazione di studi e ricerche sull&#8217;utilizzazione dei farmaci, sulla epidemiologia ed eziologia, sulla farmacovigilanza attiva e sulla interpretazione dei dati ottenuti, nonch\u00e8 alla predisposizione dei registri della popolazione per la farmacoepidemiologia da destinare alle regioni. Il Dipartimento si avvale dell&#8217;Istituto superiore di sanit\u00e0, della Commissione unica del farmaco, del Consiglio superiore di sanit\u00e0, delle regioni, delle unit\u00e0 sanitarie locali, delle aziende ospedaliere, dei medici di medicina generale, delle farmacie,delle associazioni di consumatori, delle aziende produttrici e degli informatori scientifici dei farmaci.\u00bb<\/p>\n<p>Il presente decreto, munito del sigillo dello Stato, sar\u00e0 inserito nella Raccolta ufficiale degli atti normativi della Repubblica italiana. E&#8217; fatto obbligo a chiunque spetti di osservarlo e di farlo osservare.<\/p>\n<p>Dato a Roma, add\u00ec 1\u00b0 agosto 1996<\/p>\n<p>SCALFARO<\/p>\n<p>Prodi, President of the Council of Ministers<\/p>\n<p>Bindi, Ministro della sanit\u00e0<\/p>\n<p>Bassanini, Ministro per la funzione pubblica<\/p>\n<p>Ciampi, Ministro del Tesoro<\/p>\n<p>Visto il Guardasigilli: Flik<\/p>\n<p>Registrato alla Corte dei conti il 27 settembre 1996<\/p>\n<p>Atti di Governo, registro n. 103, foglio n. 12<\/p>","protected":false},"excerpt":{"rendered":"<p>DECRETO DEL PRESIDENTE DELLA REPUBBLICA 1 agosto 1996 n. 518 Regolamento concernente modifiche al decreto del Presidente della Repubblica 2 febbraio 1994, n. 196, recante riordino del Ministero della sanit\u00e0. IL PRESIDENTE DELLA REPUBBLICA: Visto l&#8217;art. 87 della Costituzione; Visto il decreto legislativo 30 giugno 1993, n. 266; Visto il decreto del Presidente della Repubblica &hellip;<\/p>","protected":false},"author":1,"featured_media":350,"parent":0,"menu_order":0,"comment_status":"closed","ping_status":"closed","template":"","meta":{"footnotes":""},"class_list":["post-414","page","type-page","status-publish","has-post-thumbnail","hentry"],"_links":{"self":[{"href":"https:\/\/www.fedaiisf.it\/en\/wp-json\/wp\/v2\/pages\/414","targetHints":{"allow":["GET"]}}],"collection":[{"href":"https:\/\/www.fedaiisf.it\/en\/wp-json\/wp\/v2\/pages"}],"about":[{"href":"https:\/\/www.fedaiisf.it\/en\/wp-json\/wp\/v2\/types\/page"}],"author":[{"embeddable":true,"href":"https:\/\/www.fedaiisf.it\/en\/wp-json\/wp\/v2\/users\/1"}],"replies":[{"embeddable":true,"href":"https:\/\/www.fedaiisf.it\/en\/wp-json\/wp\/v2\/comments?post=414"}],"version-history":[{"count":0,"href":"https:\/\/www.fedaiisf.it\/en\/wp-json\/wp\/v2\/pages\/414\/revisions"}],"wp:featuredmedia":[{"embeddable":true,"href":"https:\/\/www.fedaiisf.it\/en\/wp-json\/wp\/v2\/media\/350"}],"wp:attachment":[{"href":"https:\/\/www.fedaiisf.it\/en\/wp-json\/wp\/v2\/media?parent=414"}],"curies":[{"name":"wp","href":"https:\/\/api.w.org\/{rel}","templated":true}]}}