{"id":426,"date":"2014-05-14T16:48:00","date_gmt":"2014-05-14T14:48:00","guid":{"rendered":"http:\/\/www.fedaiisf.it\/?page_id=426"},"modified":"2014-05-27T16:44:32","modified_gmt":"2014-05-27T14:44:32","slug":"d-m-20-3-80","status":"publish","type":"page","link":"https:\/\/www.fedaiisf.it\/en\/d-m-20-3-80\/","title":{"rendered":"MD 20-3-80"},"content":{"rendered":"<p>DECRETO MINISTERIALE 20 marzo 1980<br \/>\nPresentazione da parte delle imprese farmaceutiche di rapporti informativi periodici sull&#8217;impiego di specialit\u00e0 medicinali registrate a proprio nome.<br \/>\nTHE MINISTER OF HEALTH<br \/>\nVisti gli articoli 161 e seguenti del testo unico delle leggi sanitarie, approvato con regio decreto 27 luglio 1934, n. 1265, e successive modificazioni;<br \/>\nVisto il regolamento contenente norme per la produzione ed il commercio delle specialit\u00e0 medicinali, approvato con regio decreto 3 marzo 1927, n. 478, e successive modificazioni;<br \/>\nVisti gli articoli 29, 30 e 31 della legge 23 dicembre 1978, n. 833;<br \/>\nConsiderata l&#8217;opportunit\u00e0 di rendere pi\u00f9 efficace e tempestiva l&#8217;attivit\u00e0 di controllo sulla produzione e sul commercio delle specialit\u00e0 medicinali al fine di rendere pi\u00f9 sicuro l&#8217;impiego in terapia dei farmaci, specie quelli di recente introduzione in commercio;<br \/>\nConsiderata, pertanto, la necessit\u00e0 di acquisire direttamente dalle imprese farmaceutiche tutte le notizie relative all&#8217;impiego clinico delle specialit\u00e0 medicinali di cui detengano l&#8217;autorizzazione alla produzione ed al commercio e ci\u00f2 indipendentemente dalle segnalazioni che possono pervenire al Ministero della sanit\u00e0 dalle autorit\u00e0 sanitarie regionali, dagli istituti o cliniche universitarie o da organismi nazionali, internazionali o di Stati esteri;<br \/>\nDecrees:<br \/>\nArticle 1.<br \/>\nI titolari di autorizzazioni alla produzione e al commercio di specialit\u00e0 medicinali nazionali od estere hanno l&#8217;obbligo di trasmettere al Ministero della sanit\u00e0 &#8211; Direzione generale del servizio farmaceutico, per ogni specialit\u00e0 medicinale registrata a proprio nome, un rapporto informativo periodico, secondo le prescrizioni del successivo art. 2.<br \/>\nArticle 2.<br \/>\nI1 rapporto di cui al precedente articolo deve essere presentato ogni sei mesi per i primi due anni successivi al rilascio dell&#8217;autorizzazione all&#8217;immissione in commercio della specialit\u00e0 medicinale e ogni dodici mesi per i tre anni seguenti.<br \/>\nEsso deve contenere:<br \/>\na) l&#8217;indicazione del numero delle confezioni prodotte e vendute, nonch\u00e9 del numero presumibile dei<br \/>\npazienti cui la specialit\u00e0 medicinale \u00e8 stata somministrata;<br \/>\nb) la specificazione della natura e della frequenza degli eventuali effetti tossici e secondari, sia locali<br \/>\nche generali, conseguenti o comunque correlabili con l&#8217;impiego del farmaco, di cui i responsabili-<br \/>\ndell&#8217;impresa siano venuti a conoscenza per diretta comunicazione della classe medica o per il tra-<br \/>\nmite degli informatori scientifici o in qualunque altro modo.<br \/>\nAl rapporto deve essere allegata la documentazione delle sperimentazioni cliniche concernenti la specialit\u00e0 medicinale eventualmente effettuate dopo il rilascio dell&#8217;autorizzazione all&#8217;immissione in commercio del prodotto.<br \/>\nArticle 3.<br \/>\nL&#8217;ottemperanza alle prescrizioni contenute negli articoli 1 e 2 del presente decreto costituisce condizione per il mantenimento dell&#8217;autorizzazione all&#8217;immissione in commercio di ciascuna specialit\u00e0<br \/>\nmedicinale, nei primi cinque anni dal rilascio dell&#8217;autorizzazione stessa.<br \/>\nLa mancata o non esatta ottemperanza alle prescrizioni predette sar\u00e0, pertanto, valutata ai fini dell&#8217;eventuale revoca della registrazione del prodotto, tenuto conto delle informazioni e delle documentazioni acquisite agli atti, sentito il Consiglio superiore di sanit\u00e0 ai sensi dell&#8217;art. 175 del citato testo unico delle leggi sanitarie.<br \/>\nArticle 4.<br \/>\nL&#8217;efficacia del presente decreto \u00e8 limitata alle specialit\u00e0 medicinali registrate successivamente alla sua entrata in vigore.<br \/>\nArticle 5.<br \/>\nIl presente decreto sar\u00e0 pubblicato nella Gazzetta Ufficiale della Repubblica Italiana.<br \/>\nRoma, add\u00ec 20 marzo 1980<br \/>\nIl Ministro: Altissimo<br \/>\n(2891)<\/p>","protected":false},"excerpt":{"rendered":"<p>DECRETO MINISTERIALE 20 marzo 1980 Presentazione da parte delle imprese farmaceutiche di rapporti informativi periodici sull&#8217;impiego di specialit\u00e0 medicinali registrate a proprio nome. IL MINISTRO DELLA SANITA&#8217; Visti gli articoli 161 e seguenti del testo unico delle leggi sanitarie, approvato con regio decreto 27 luglio 1934, n. 1265, e successive modificazioni; Visto il regolamento contenente &hellip;<\/p>","protected":false},"author":1,"featured_media":350,"parent":0,"menu_order":0,"comment_status":"closed","ping_status":"closed","template":"","meta":{"footnotes":""},"class_list":["post-426","page","type-page","status-publish","has-post-thumbnail","hentry"],"_links":{"self":[{"href":"https:\/\/www.fedaiisf.it\/en\/wp-json\/wp\/v2\/pages\/426","targetHints":{"allow":["GET"]}}],"collection":[{"href":"https:\/\/www.fedaiisf.it\/en\/wp-json\/wp\/v2\/pages"}],"about":[{"href":"https:\/\/www.fedaiisf.it\/en\/wp-json\/wp\/v2\/types\/page"}],"author":[{"embeddable":true,"href":"https:\/\/www.fedaiisf.it\/en\/wp-json\/wp\/v2\/users\/1"}],"replies":[{"embeddable":true,"href":"https:\/\/www.fedaiisf.it\/en\/wp-json\/wp\/v2\/comments?post=426"}],"version-history":[{"count":0,"href":"https:\/\/www.fedaiisf.it\/en\/wp-json\/wp\/v2\/pages\/426\/revisions"}],"wp:featuredmedia":[{"embeddable":true,"href":"https:\/\/www.fedaiisf.it\/en\/wp-json\/wp\/v2\/media\/350"}],"wp:attachment":[{"href":"https:\/\/www.fedaiisf.it\/en\/wp-json\/wp\/v2\/media?parent=426"}],"curies":[{"name":"wp","href":"https:\/\/api.w.org\/{rel}","templated":true}]}}