{"id":433,"date":"2014-05-14T17:02:20","date_gmt":"2014-05-14T15:02:20","guid":{"rendered":"http:\/\/www.fedaiisf.it\/?page_id=433"},"modified":"2014-05-27T16:49:16","modified_gmt":"2014-05-27T14:49:16","slug":"d-m-28-7-84","status":"publish","type":"page","link":"https:\/\/www.fedaiisf.it\/en\/d-m-28-7-84\/","title":{"rendered":"MD 28-7-84"},"content":{"rendered":"<p>MINISTRY OF HEALTH<\/p>\n<p>Decreto 28 luglio 1984<\/p>\n<p>Integrazione delle disposizioni del decreto ministeriale 20 marzo 1980, sulla presentazione, da parte delle imprese farmaceutiche, di rapporti informativi periodici sull&#8217;impiego di specialit\u00e0 medicinali registrate a proprio nome.<\/p>\n<p>Il Ministro della sanit\u00e0:<\/p>\n<p>Visto il proprio decreto del 20 marzo 1980, pubblicato nella Gazzetta Ufficiale della Repubblica ltaliana n. 83 del 25 marzo 1980, con cui, al fine di rendere pi\u00f9 efficace e tempestiva l&#8217;attivit\u00e0 di controllo sulla produzione e sul commercio delle specialit\u00e0 medicinali e pi\u00f9 sicuro l&#8217;impiego in terapia delle stesse, \u00e8 stato previsto l&#8217;obbligo, per i titolari di autorizzazioni alla produzione e al commercio di specialit\u00e0 medicinali nazionali od estere, di trasmettere al Ministero della sanit\u00e0, Direzione generale del servizio farmaceutico, un rapporto intormativo periodico per ciascuna specialit\u00e0, contenente l&#8217;indicazione del numero delle confezioni prodotte e vendute e del numero presumibile di pazienti trattati, nonch\u00e9 la specificazione della natura e della frequenza degli eventuali effetti tossici e secondari conseguenti o comunque correlabili con l&#8217;impiego del farmaco, di cui i titolari dell&#8217;impresa farmaceutica siano venuti a conoscenza per diretta comunicazione della classe medica o per il tramite degli informatori scientifici o in qualunque altro modo;<\/p>\n<p>Rilevato che, in base al disposto degli articoli 2 e 4 del predetto decreto, l&#8217;obbligo di presentazione del rapporto riguarda le sole specialit\u00e0 medicinali registrate successivamente all&#8217;entrata in vigore del decreto medesimo ed \u00e8 limitato ai primi cinque anni di registrazione di ciascun prodotto;<\/p>\n<p>Considerato che, nel corso degli ultimi mesi, sono stati evidenziati, in Italia e all&#8217;estero, effetti indesiderati gravi riferibili anche alla somministrazione di specialit\u00e0 medicinali di non recente introduzione in terapia;<\/p>\n<p>Ritenuto, pertanto, opportuno svincolare da qualsiasi limite temporale l&#8217;obbligo di presentazione del rapporto informativo annuale di cui all&#8217;art. 2 del citato decreto ministeriale 20 marzo 1980, nonch\u00e8 imporre lo stesso obbligo anche per le specialit\u00e0 medicinali registrate nel decennio precedente l&#8217;entrata in vigore dello stesso decreto;<\/p>\n<p>Ritenuto, inoltre, necessario assicurare, in ogni caso, la tempestiva comunicazione delle reazioni avverse da farmaco con esito letale;<\/p>\n<p>Ravvisata, altres\u00ec, l&#8217;opportunit\u00e0 di aggiornare il modello di scheda da compilare a cura del personale sanitario, previsto dall&#8217;art. 8 del decreto ministeriale 23 giugno 1981, pubblicato nella Gazzetta Ufficiale n. 180 del 2 luglio successivo e, correlativamente, di precisare le modalit\u00e0 di presentazione del rapporto informativo, al fine di adeguare tali adempimenti alle esigenze di scambi di informazione fra i paesi partecipanti al programma internazionale di farmacovigilanza dell&#8217;Organizzazione mondiale della sanit\u00e0;<\/p>\n<p>Visto il testo unico delle leggi sanitarie approvato con regio decreto 27 luglio 1934, n. 1265, e successive modificazioni,<\/p>\n<p>Visto il regolamento approvato con regio decreto 3 marzo 1927, n. 478;<\/p>\n<p>Vista la legge 23 dicembre 1978, n. 833:<\/p>\n<p>Decrees:<\/p>\n<p>Article 1.<\/p>\n<p>Il rapporto che i titolari di autorizzazioni alla produzione e al commercio di specialit\u00e0 medicinali nazionali od estere hanno l&#8217;obbligo di trasmettere ai sensi del decreto ministeriale 20 marzo 1980, pubblicato nella Gazzetta Ufficiale della Repubblica italiana n. 83 del 25 marzo l980, deve essere<\/p>\n<p>presentato, ogni dodici mesi, anche decorsi cinque anni dalla data di autorizzazione all&#8217;immissione in commercio della specialit\u00e0 medicinale.<\/p>\n<p>Resta fermo l&#8217;obbligo di trasmettere ogni sei mesi il rapporto informativo, per i primi due anni successivi alla data di autorizzazione all&#8217;immissione in commercio del prodotto.<\/p>\n<p>Nei casi di reazioni con esito letale, il titolare dell&#8217;autorizzazione alla produzione e al commercio della specialit\u00e0 medicinale deve darne comunicazione al Ministero della sanit\u00e0 appena in possesso di adeguati elementi informativi e comunque non oltre quind\u00edci giorni dalla conoscenza dell&#8217;esito.<\/p>\n<p>Article 2.<\/p>\n<p>Il rapporto informativo previsto dal decreto ministeriale 20 marzo 1980 deve essere trasmesso al Ministero della sanit\u00e0 &#8211; Direzione generale del servizio farmaceutico, anche per ciascuna specialit\u00e0 medicinale registrata fra il 1\u00b0 gennaio 1970 e la data di entrata in vigore del citato decreto.<\/p>\n<p>L&#8217;adempimento di cui al comma precedente deve essere assolto ogni anno, entro il mese corrispondente a quello in cui fu emanato il decreto di autorizzazione all&#8217;immissione in commercio del prodotto.<\/p>\n<p>In sede di prima applicazione delle disposizioni dei commi precedenti dovranno essere presentati due distinti rapporti, uno sugli effetti secondari e tossici segnalati nel periodo anteriore al 1\u00b0 gennaio 1984, globalmente considerato, l&#8217;altro su quelli segnalati a partire da quest&#8217;ultima data.<\/p>\n<p>Article 3.<\/p>\n<p>Le aziende titolari di autorizzazioni all&#8217;immissione in commercio di specialit\u00e0 medicinali e le aziende che rappresentano in Italia le aziende titolari di autorizzazioni di specialit\u00e0 medicinali prodotte all&#8217;estero, sono tenute a fornire ai sanitari, per il tramite degli informatori scientifici di cui si avvalgono, un congruo numero di schede conformi al modello costituente l&#8217;allegato A al presente decreto e corredate delle annotazioni allo stesso annesse.<\/p>\n<p>Esemplari di tali schede saranno, altres\u00ec, pubblicati dal Ministero della sanit\u00e0 nel Bollettino d&#8217;informazione sui farmaci.<\/p>\n<p>I medici, nell&#8217;ambito della collaborazione prevista dalla normativa vigente per l&#8217;attuazione del Servizio sanitario nazionale, compileranno le schede ogni volta che registreranno effetti tossici, secondari o inattesi, sia locali che generali, conseguenti o comunque correlabili con l&#8217;impiego dei farmaci.<\/p>\n<p>Le aziende di cui al primo comma sono tenute a ritirare dai medici anche tramite gli informatori scientifici, le schede suddette.<\/p>\n<p>I medici potranno inviare copia delle schede anche direttamente al Ministero della sanit\u00e0 &#8211; Direzione generale del servizio farmaceutico.<\/p>\n<p>Article 4.<\/p>\n<p>Le aziende tenute ad inviare rapporti informativi periodici in base alle disposizioni del decreto ministeriale 20 marzo 1980 e a quelle degli articoli 1 e 2 del presente decreto, devono far pervenire, in allegato a ogni rapporto, per ciascun caso segnalato, oltre alla scheda compilata dal medico, di cui al precedente art. 3, il modulo previsto nel documento \u00abInternational adverse drug reaction monitoring &#8211; Guide to partecipating Countries\u00bb del centro O.M.S. per il monitoraggio dei farmaci, accluso al presente decreto (allegato B). Per la compilazione del modulo dovranno essere tenute presenti le istruzioni riportate nel richiamato documento. La compilazione delle parti di modulo per le quali nel documento illustrativo \u00e8 stato omesso il commento, \u00e8 riservata al Ministero della sanit\u00e0.<\/p>\n<p>Le disposizioni del presente articolo non si applicano alle segnalazioni anteriori al 1\u00b0 gennaio 1985 riguardanti le specialit\u00e0 medicinali registrate fra il 1\u00b0 gennaio 1970 e la data di entrata in vigore del decreto ministeriale 20 marzo 1980.<\/p>\n<p>Article 5.<\/p>\n<p>Le disposizioni del decreto ministeriale 20 marzo 1980 e del presente decreto si applicano anche a<\/p>\n<p>ciascuna categoria e serie di specialit\u00e0 medicinale; i dati relativi alle vendite, previsti dall&#8217;art. 2, secondo comma, lettera a), del decreto ministeriale 20 marzo 1980, devono essere forniti per ciascuna confezione autorizzata.<\/p>\n<p>Article 6.<\/p>\n<p>L&#8217;ottemperanza alle prescrizioni del presente decreto costituisce condizione per il mantenimento dell&#8217;autorizzazione all&#8217;immissione in commercio di ciascuna specialit\u00e0 medicinale.<\/p>\n<p>La mancata o non esatta ottemperanza alle prescrizioni predette sar\u00e0, pertanto, valutata ai fini dell&#8217;eventuale revoca della registrazione del prodotto, tenuto conto delle informazioni e delle documentazioni acquisite agli atti, sentito il Consiglio superiore di sanit\u00e0 ai sensi dell&#8217;art. 175 del testo unico delle leggi sanitarie approvato con regio decreto 27 luglio 1934, n. 1265 e successive modificazioni.<\/p>\n<p>Article 7.<\/p>\n<p>I1 presente decreto entra in vigore il 1\u00b0 gennaio 1985 e sar\u00e0 pubblicato nella Gazzetta Ufficiale della Repubblica italiana. (Sono omessi gli allegati)<\/p>\n<p>Roma, add\u00ec 28 luglio 1984<\/p>\n<p>Il Ministro: Degan<\/p>","protected":false},"excerpt":{"rendered":"<p>MINISTERO DELLA SANITA&#8217; Decreto 28 luglio 1984 Integrazione delle disposizioni del decreto ministeriale 20 marzo 1980, sulla presentazione, da parte delle imprese farmaceutiche, di rapporti informativi periodici sull&#8217;impiego di specialit\u00e0 medicinali registrate a proprio nome. Il Ministro della sanit\u00e0: Visto il proprio decreto del 20 marzo 1980, pubblicato nella Gazzetta Ufficiale della Repubblica ltaliana n. &hellip;<\/p>","protected":false},"author":1,"featured_media":350,"parent":0,"menu_order":0,"comment_status":"closed","ping_status":"closed","template":"","meta":{"footnotes":""},"class_list":["post-433","page","type-page","status-publish","has-post-thumbnail","hentry"],"_links":{"self":[{"href":"https:\/\/www.fedaiisf.it\/en\/wp-json\/wp\/v2\/pages\/433","targetHints":{"allow":["GET"]}}],"collection":[{"href":"https:\/\/www.fedaiisf.it\/en\/wp-json\/wp\/v2\/pages"}],"about":[{"href":"https:\/\/www.fedaiisf.it\/en\/wp-json\/wp\/v2\/types\/page"}],"author":[{"embeddable":true,"href":"https:\/\/www.fedaiisf.it\/en\/wp-json\/wp\/v2\/users\/1"}],"replies":[{"embeddable":true,"href":"https:\/\/www.fedaiisf.it\/en\/wp-json\/wp\/v2\/comments?post=433"}],"version-history":[{"count":0,"href":"https:\/\/www.fedaiisf.it\/en\/wp-json\/wp\/v2\/pages\/433\/revisions"}],"wp:featuredmedia":[{"embeddable":true,"href":"https:\/\/www.fedaiisf.it\/en\/wp-json\/wp\/v2\/media\/350"}],"wp:attachment":[{"href":"https:\/\/www.fedaiisf.it\/en\/wp-json\/wp\/v2\/media?parent=433"}],"curies":[{"name":"wp","href":"https:\/\/api.w.org\/{rel}","templated":true}]}}