{"id":86076,"date":"2026-01-25T19:02:44","date_gmt":"2026-01-25T18:02:44","guid":{"rendered":"https:\/\/www.fedaiisf.it\/?page_id=86076"},"modified":"2026-01-25T19:52:03","modified_gmt":"2026-01-25T18:52:03","slug":"regolamento-interno","status":"publish","type":"page","link":"https:\/\/www.fedaiisf.it\/en\/regolamento-interno\/","title":{"rendered":"Regolamento Interno"},"content":{"rendered":"<p><img loading=\"lazy\" decoding=\"async\" class=\"wp-image-62396 aligncenter\" src=\"https:\/\/www.fedaiisf.it\/wp-content\/uploads\/2022\/02\/Logo-FEDAIISF-ok-parafarmaco.jpg\" alt=\"\" width=\"169\" height=\"169\" srcset=\"https:\/\/www.fedaiisf.it\/wp-content\/uploads\/2022\/02\/Logo-FEDAIISF-ok-parafarmaco.jpg 1256w, https:\/\/www.fedaiisf.it\/wp-content\/uploads\/2022\/02\/Logo-FEDAIISF-ok-parafarmaco-300x300.jpg 300w, https:\/\/www.fedaiisf.it\/wp-content\/uploads\/2022\/02\/Logo-FEDAIISF-ok-parafarmaco-1022x1024.jpg 1022w, https:\/\/www.fedaiisf.it\/wp-content\/uploads\/2022\/02\/Logo-FEDAIISF-ok-parafarmaco-150x150.jpg 150w, https:\/\/www.fedaiisf.it\/wp-content\/uploads\/2022\/02\/Logo-FEDAIISF-ok-parafarmaco-768x770.jpg 768w\" sizes=\"auto, (max-width: 169px) 100vw, 169px\" \/><\/p>\n<h3 style=\"font-weight: 400; text-align: center;\"><strong>FEDAISF<\/strong><br \/>\nFederation of Italian Associations of Pharmaceutical Representatives<\/h3>\n<h4 style=\"font-weight: 400; text-align: center;\">FEDAIISF Internal Regulations<\/h4>\n<p style=\"font-weight: 400; text-align: justify;\">Art. 1- Union position means that Fedaiisf does not deal directly with union problems, but debates and identifies them and then submits them to the trade unions. of category.<\/p>\n<p style=\"font-weight: 400; text-align: justify;\">Per apartitica s\u2019intende che non entra nelle logiche di partito presenti in Italia n\u00e9 ne promuove l\u2019adesione. Fedaiisf svolge comunque una sua politica tesa a perseguire i propri fini istituzionali e le linee programmatiche stabilite dal Congresso e dal Consiglio Federale.<\/p>\n<p style=\"font-weight: 400; text-align: justify;\">Art. 2- It is prohibited for anyone to use the federal name, logo, services and structures for purposes other than those of the association. The initiatives of individual members in the name and on behalf of Fedaiisf must be previously authorized by the EN.<\/p>\n<p style=\"font-weight: 400; text-align: justify;\">Una federazione come Fedaiisf \u00e8 una comunit\u00e0 di professionisti auto-organizzata (non \u00e8 un Ordine Professionale costituito o sussidiario dallo Stato) che vuole rompere la tradizionale solitudine ed il forte individualismo che spesso caratterizza l&#8217;Informatore Scientifico. Far parte di Fedaiisf significa costituire una comunit\u00e0 dove potersi sperimentare e confrontare quotidianamente, all&#8217;interno di un&#8217;efficace rete\/sistema professionale (anche &#8220;di protezione&#8221;, senza essere corporativo), sulle proprie competenze, sui nuovi contenuti\/strumenti della professione, sulle proprie abilit\u00e0 relazionali, sulle modalit\u00e0 dell&#8217;attivit\u00e0 professionale.<\/p>\n<p style=\"font-weight: 400; text-align: justify;\">Art. 3- Le Organizzazioni federate rappresentano, nell&#8217;ambito delle direttive federali, gli interessi specifici degli iscritti nei relativi territori, davanti a Organizzazioni datoriali, istituzionali, politiche e amministrative. Le Organizzazioni federate sullo stesso territorio regionale costituiscono il Consiglio regionale rappresentativo di tutte le sezioni provinciali presenti in regione. Il Consiglio Regionale elegger\u00e0 un Coordinatore Regionale ed un segretario e, a sua discrezione, un eventuale Coordinamento di supporto al Coordinatore. Le spese del Coordinatore inerenti alla sua funzione e le eventuali spese per la gestione del coordinamento sono a carico della tesoreria federale ad esclusione delle spese di viaggio per la partecipazione al Congresso Federale (art. 12 R.I.). Nelle riunioni del Consiglio Regionale e del coordinamento il segretario avr\u00e0 il compito di redigere il verbale. Il verbale va inviato per conoscenza all\u2019Esecutivo Federale e al Collegio Federale dei Probiviri per il controllo di legittimit\u00e0. I componenti di supporto del coordinamento possono anche non far parte dei Direttivi o Coordinamenti provinciali (art. 18). Per la nomina del Coordinatore Regionale si veda l\u2019art. 3.11 dello Statuto<\/p>\n<p style=\"font-weight: 400; text-align: justify;\">Sono cumulabili le cariche di Presidente sezionale e di Coordinatore (art. 18), mentre non lo sono le altre cariche sezionali, in quanto, la carica di Coordinatore Regionale \u00e8 per Statuto una funzione gerarchicamente superiore a quella di qualsiasi carica sezionale e la coesistenza dei due ruoli genererebbe un potenziale conflitto d\u2019interesse. Quelle regioni in cui \u00e8 presente una sola sezione\/federata la carica di Presidente coincide con quella di Coordinatore. In casi particolari l\u2019E.N. pu\u00f2 deliberare una deroga alla norma.<\/p>\n<p style=\"font-weight: 400; text-align: justify;\">Il presente art. 3 del Regolamento Interno tende\u00a0 a promuovere la Scelta dei Coordinatori Regionali tra i presidenti di Sezione per dare autorevolezza alla funzione di Coordinatore Regionale, ruolo che deve essere \u201c<em>super partes<\/em>\u201d, cio\u00e8 con una posizione imparziale, neutrale e obiettiva, Coordinatore che deve anche essere rappresentante del territorio presso la Federazione, capace di sintesi e armonia nelle scelte, garante della necessaria autonomia di iniziativa e indipendenza dai presidenti di sezione. Per quanto non specificato si veda l\u2019art. 18 del R.I..<\/p>\n<p style=\"font-weight: 400; text-align: justify;\">Per l\u2019organizzazione e la struttura dei Consigli e dei \u00a0Coordinamenti Regionali si veda l\u2019art. 3 dello Statuto ai punti 7, 8, 9, 10, 12.<\/p>\n<p style=\"font-weight: 400; text-align: justify;\">Il Coordinatore regionale eletto deve avere il gradimento dell\u2019Esecutivo Nazionale, in quanto \u00a0rappresentante regionale di Fedaiisf. L\u2019Esecutivo Federale \u00e8 organo di controllo del Coordinamento regionale. Per Organizzazioni federate devono intendersi le Associazioni federate nel loro complesso, centrale e periferico (ove esistente).<\/p>\n<p style=\"font-weight: 400; text-align: justify;\">I Coordinatori Regionali riportano al referente dei coordinatori regionali, uno per il centro sud e uno per il nord. Per il centro\\sud Italia si intende Sicilia, Sardegna, Toscana, Lazio, Abruzzo, Campania, Molise, Basilicata, Puglia, Calabria e per il centro\\nord Italia Umbria, Marche, Emilia-Romagna, Liguria, Piemonte, Val D\u2019Aosta, Lombardia, Veneto, Friuli-Venezia Giulia, Trentino-Alto Adige. Entrambi riporteranno direttamente al Presidente Federale (art. 18 R.I).<\/p>\n<p style=\"font-weight: 400; text-align: justify;\">Art. 4- The Associations that request to be part of the federation must apply to the Federal National Executive and must harmonize their statute by coordinating it with the Fedaiisf Statute. The EN can avail itself of an opinion of a lawyer for the statute presented by an applicant and for the relative registration according to the law. In the event of provisions present both in the federal Statute and in the Statute of the associates, the latter must be considered inactivated.<\/p>\n<p style=\"font-weight: 400; text-align: justify;\">The federated Associations must have conduct that complies with the spirit of the Federation and with the obligations deriving from membership (organizations of local activities, participation in the activities of the Federation, communications and information relevant to the Federation or to the other federated Associations).<\/p>\n<p style=\"font-weight: 400; text-align: justify;\">The individual Associations must submit to the Secretariat of the Federation by 31 March the names of the members of the Board of Directors, the complete list of the names of the members, a copy of their budget and the minutes of the annual meeting in which the same is approved.<\/p>\n<p style=\"font-weight: 400; text-align: justify;\">The federated associations must send a report on their activities at least once a year, by 31 December.<\/p>\n<p style=\"font-weight: 400; text-align: justify;\">The federated Associations are an integral part of the Federation and will always present themselves externally as being part of it.<\/p>\n<p style=\"font-weight: 400; text-align: justify;\">Art. 5- \u00c8 consentita l&#8217;iscrizione del professionista che opera in settori omogenei di attivit\u00e0, fermo restando gli scopi istituzionali di Fedaiisf (per esempio figure che hanno contatti con medici: informatori parafarmaci, integratori, nutraceutici, dermocosmetici, latti, dispositivi, KAM, A.M., MSL, RAM ecc. ecc.). Sar\u00e0 compito del Direttivo sezionale dell\u2019Associazione federata decidere se accettare o meno l\u2019iscrizione.<\/p>\n<p style=\"font-weight: 400; text-align: justify;\">Art. 6- Scientific Representatives must join the Association and\/or Territorial Coordination in whose geographical area they carry out their professional activity. If there is no Organization in the province of residence or in the neighboring one, the ISF will be able to enroll at a national level according to the methods established by the Executive.<\/p>\n<p style=\"font-weight: 400; text-align: justify;\">Scientific Representatives retired more than five years after retirement cannot hold elective offices, but they can be appointed by the EN responsible for certain services as members of the editorial staff of the Federal website, of the Research and Documentation Center or for other tasks established by the EN same.<\/p>\n<p style=\"font-weight: 400; text-align: justify;\">Art. 7- The membership fees must be established according to the operational needs foreseen by the expenditure forecast approved by the Federal Congress.<\/p>\n<p style=\"font-weight: 400; text-align: justify;\">Art. 8- In the event of dissolution of a federated association, the cash fund that was at its disposal must be paid into the federal national treasury. In the event of separation, the cash fund remains in the availability of the Association that separates. A federated Association that expresses the will to dissolve or separate must convene an assembly of members in the presence of a representative of EN Fedaiisf and vote the dissolution or separation with a majority of 2\/3 of the members.<\/p>\n<p style=\"font-weight: 400; text-align: justify;\">Art. 9- Federal Organization. The Coordinator and the Regional Coordination must also be considered a Federal Body as specified by art. 3 of the Statute at points 6, 7, 8, 9, 10 and by art. 3 of the Internal Regulations. Only the Congress can establish other Bodies in addition to those established by the Statute and the Internal Regulations. In the event of forfeiture of a collegiate body, the same remains in office for ordinary administration until the renewal of the offices. Administrative continuity must always be ensured.<\/p>\n<p style=\"font-weight: 400; text-align: justify;\">Art. 10- Per un migliore espletamento delle attivit\u00e0 di competenza, l&#8217;Esecutivo Nazionale, su proposta della Presidenza, pu\u00f2 attribuire a propri componenti o ad altro iscritto deleghe per il coordinamento e la supervisione di specifiche attivit\u00e0 o iniziative non espressamente riservate alla competenza di altri Organi e\/o Commissioni. Pu\u00f2 costituire Commissioni, Comitati, Consulte, ecc. con funzioni tecniche o consultive nominandone i componenti e i presidenti, fissandone compiti e funzioni. Le deleghe e le Commissioni hanno durata temporale corrispondente a quella dell\u2019EN e possono essere revocate a insindacabile giudizio dell\u2019EN stesso. Il Presidente federale pu\u00f2 costituire un Ufficio di Presidenza costituito dai componenti l\u2019EN ai quali si aggiungono altre persone utili per fornire consulenze e pareri. Tutte le norme e procedure previste per gli Organi Federali si applicano anche alle Commissioni, Comitati, Consulte, ecc. comunque costituiti.<\/p>\n<p style=\"font-weight: 400; text-align: justify;\">Art. 11- Congresso elettivo. Ogni tre anni il Congresso elegge il Presidente unitamente al Vicepresidente, l\u2019Esecutivo federale e il Collegio Federale dei Probiviri<\/p>\n<p style=\"font-weight: 400; text-align: justify;\">Il Presidente e il Vicepresidente preferibilmente non devono appartenere alla stessa Organizzazione federata.\u00a0Delegati delle sezioni esprimono con 1 voto la preferenza per la lista per i candidati alle cariche, il vota corrisponde al numero degli iscritti della sezione al 31 dicembre dell\u2019anno precedente.<\/p>\n<p style=\"font-weight: 400; text-align: justify;\">Il Presidente federale \u00e8 eletto unitamente al Vicepresidente, da esso indicato, in un\u2019unica scheda elettorale per la presidenza a suffragio diretto, con voto libero e segreto.\u00a0Ogni voto espresso nella scheda elettorale per la presidenza s\u2019intende dato sia al candidato Presidente sia al candidato Vicepresidente. Ogni elettore pu\u00f2 esprimere un voto corrispondente al numero degli iscritti della sezione\/federata al 31 dicembre dell\u2019anno precedente.<\/p>\n<p style=\"font-weight: 400; text-align: justify;\">Il Presidente e il Vicepresidente federali sono eletti contestualmente all\u2019Esecutivo federale.<\/p>\n<p style=\"font-weight: 400; text-align: justify;\">Sono elettori i rappresentanti delle sezioni territoriali e federate con un numero di voti corrispondenti agli iscritti della loro sezione o federata al 31 dicembre dell\u2019anno precedente. Sono eleggibili gli iscritti in regola con le quote associativa sia per l\u2019anno precedente sia per l\u2019anno corrente.<\/p>\n<p style=\"font-weight: 400; text-align: justify;\">La lista dei candidati all\u2019Esecutivo federale \u00e8 collegata al candidato Presidente.\u00a0 La presentazione della candidatura alla presidenza \u00e8 accompagnata dalla dichiarazione di collegamento con una lista. Non pu\u00f2 essere candidato Presidente federale chi ha gi\u00e0 ricoperto quella carica per tre mandati consecutivi. La scheda della lista elettorale dei candidati all\u2019Esecutivo \u00e8 separata da quella della presidenza.<\/p>\n<p style=\"font-weight: 400; text-align: justify;\">Tre componenti della lista collegata al Presidente e Vicepresidente eletti sono automaticamente eletti in base al numero di preferenze ottenute ed entrano nell\u2019Esecutivo federale. Ciascuna elettore pu\u00f2 esprimere massimo tre voti di preferenza (sempre corrispondenti al numero di iscritti al 31 dicembre) a favore dei candidati presenti nella lista collegata. I voti di preferenza della lista collegata determineranno i tre eletti nell\u2019Esecutivo e i primi non eletti determineranno i membri subentranti nel caso di dimissioni o impedimento di un componente l\u2019Esecutivo. Sono eletti nell\u2019Esecutivo coloro che hanno ottenuto pi\u00f9 voti di preferenza sino a concorrenza del numero dei componenti da attribuire. In caso di mancanza di preferenze verranno eletti i primi della lista collegata. In caso di parit\u00e0 di voti di preferenza verr\u00e0 eletto il pi\u00f9 anziano d\u2019et\u00e0. In caso di mancanza di primi non eletti nella lista collegata al Presidente e in caso di dimissioni o impedimento di un componente l\u2019Esecutivo, sar\u00e0 il Presidente federale a nominare d\u2019ufficio il nuovo membro.<\/p>\n<p style=\"font-weight: 400; text-align: justify;\">\u00c8 proclamato eletto Presidente federale il candidato che ha ottenuto il maggior numero di voti validi. In caso di parit\u00e0 di voti, \u00e8 eletto Presidente il candidato collegato con la lista che ha conseguito il maggior numero di voti di preferenza complessivi. In caso di ulteriore parit\u00e0, \u00e8 eletto Presidente il candidato pi\u00f9 anziano d\u2019et\u00e0. Il Neopresidente federale nominer\u00e0 fra gli eletti un Segretario, un Tesoriere ed un Responsabile dei rapporti con le Organizzazioni federate. (Art. 11.3 S)<\/p>\n<p style=\"font-weight: 400; text-align: justify;\">Art. 12- Ognuno dei Delegati disporr\u00e0, salvo diversa specificazione Statutaria, di tanti voti quanti sono gli iscritti al 31 dicembre dell\u2019anno precedente alla Sezione provinciale della propria Associazione nazionale, o iscritti alla propria Associazione territoriali o Coordinamento. I Coordinatori Regionali partecipano di diritto al Congresso Federale senza diritto di voto e a spese di viaggio a carico della regione di cui sono coordinatori, salvo disposizioni diverse dell\u2019Esecutivo Nazionale.<\/p>\n<p style=\"font-weight: 400; text-align: justify;\">Art. 13- Consiglio Federale \u00e8 l&#8217;Organo preposto a dare attuazione alle line di politica federale e alle deliberazioni assunte dal Congresso mediante l&#8217;approvazione del programma, determina le linee di politica federale e gli obiettivi strategici in accordo con le decisioni congressuali e le finalit\u00e0 statutarie. Approva il Regolamento Interno o le sue modifiche su proposta dell&#8217;Esecutivo. Il Regolamento Interno cos\u00ec approvato o modificato entra in vigore al momento in cui la Segreteria Federale ne d\u00e0 comunicazione agli Organi Federali e Associazioni federate. Approva le modifiche statutarie da sottoporre al Congresso Federale. I componenti sono quelli descritti dall\u2019art. 13 dello Statuto: componenti dell\u2019Esecutivo Nazionale pi\u00f9 i rappresentanti, come specificato dallo Statuto, delle associazioni federate e dai coordinatori regionali. Se uno dei Presidenti delle Federate non \u00e8 presente nell\u2019Esecutivo Nazionale entra di diritto nel Consiglio Federale.<\/p>\n<p style=\"font-weight: 400; text-align: justify;\">Art. 14- In the context of the Congress, the Federal Secretariat will certify the legitimacy of the delegates and the rights to participate. The Secretariat can proceed ex officio, also upon notification of those entitled to vote, to correct any clerical errors. In the event of disputes, the Federal Board of Arbitrators will act as arbitrator.<\/p>\n<p style=\"font-weight: 400; text-align: justify;\">Art. 15- The Electoral Commission, in the case of paper voting, signs and distributes the electoral ballots. It governs voting operations by settling, in the first instance, any objections or controversies. In the second instance, the National Board of Arbitrators will take over and issue a final judgment.<\/p>\n<p style=\"font-weight: 400; text-align: justify;\">Art.16- Minutes. The minutes of the Congress are drawn up by the Secretary of the Assembly and by the Deputy Secretaries. The Minutes signed by the secretary himself, by the president of the Assembly and countersigned by the electoral commissioners in the event of elections, must then be delivered to the Federal Secretary and are absolute proof of the events that occurred and the operations carried out. Each person entitled to participate or vote in the Congress has the right to request a copy. Against the legitimacy of the Congress or the Minutes, a complaint can be made to the National Board of Arbitrators, whose decision will be final.<\/p>\n<p style=\"font-weight: 400; text-align: justify;\">Art. 17- Il Collegio Federale dei Probiviri, oltre ai compiti stabiliti dagli artt. 21, 22, 23 e 24 dello Statuto fornisce l\u2019interpretazione autentica dello Statuto, del Regolamento Interno e del Codice Deontologico e fornisce pareri di legittimit\u00e0 sulle delibere approvate dai vari Organi federali. Il Collegio Federale dei Probiviri si riunisce ogni volta che lo ritiene opportuno il suo Presidente o la maggioranza dei suoi componenti e quando ad esso si rivolgono iscritti ed Organi federali per dirimere, una volta sentite le parti in causa, questioni di carattere regolamentare e disciplinare<\/p>\n<p style=\"font-weight: 400; text-align: justify;\">Art. 18 \u2013 Ruolo, mansioni e incompatibilit\u00e0 del Coordinatore Regionale<\/p>\n<ul>\n<li style=\"list-style-type: none;\">\n<ul style=\"text-align: justify;\">\n<li>Il Coordinatore Regionale pu\u00f2 essere uno dei presidenti del territorio regionale, nel caso non ci fosse disponibilit\u00e0 da parte dei presidenti pu\u00f2 essere individuato in un iscritto del territorio da proporre all\u2019Esecutivo Federale per il gradimento (art. 3 R.I.).<\/li>\n<li>L\u2019incarico di Coordinatore Regionale \u00e8 compatibile con quella di presidente di sezione\/federata mentre e\u0300 incompatibile con tutte le altre cariche sezionali (art. 3 R.I.).<\/li>\n<li>Il Coordinatore Regionale ha la missione di rappresentare presso le istituzioni e la societ\u00e0 civile, le istanze degli informatori del territorio previo mandato dei presidenti di sezione.<\/li>\n<li>Il Coordinatore Regionale condivide il suo operato con i presidenti di sezione\/federate del territorio che rappresenta e riceve da loro mandato ad operare. \u00c8 \u201c<em>Primus inter pares<\/em>\u201d, cio\u00e8 \u00e8 di guida e di coordinamento, e i suoi poteri sono vincolati dalla condizione stessa di essere riferimento di persone sue pari.<\/li>\n<li>Il Coordinatore Regionale si rapporta con il Referente dei Coordinatori Regionali a cui fa riferimento per tutto il suo operato (art. 3).<\/li>\n<li>Il Coordinatore Regionale riporta al Consiglio Federale e all\u2019Esecutivo Federale.<\/li>\n<li>Il Coordinatore Regionale viene eletto con le modalit\u00e0 in precedenza indicate, su proposta dei presidenti di sezione\/federate della regione di appartenenza e resta in carica fino alla naturale scadenza elettorale che coincide con la elezione del nuovo Presidente ed Esecutivo Federale in occasione del Congresso (Art. 3.11 S.)<\/li>\n<li>Il Coordinatore Regionale pu\u00f2 decadere per sfiducia dei 2\/3 degli iscritti (calcolati al 31 dicembre dell\u2019anno precedente) rappresentati dai presidenti sezionali che concorrono alla sua elezione. Il nuovo Coordinatore resta in carica per il tempo necessario per terminare il mandato cio\u00e8 fino al Congresso Federale.<\/li>\n<\/ul>\n<\/li>\n<\/ul>\n<p style=\"font-weight: 400; text-align: justify;\">Art. 19 &#8211; Nell\u2019ipotesi che una norma del Regolamento Interno sia in contrasto con lo Statuto, prevale quest\u2019ultimo.<\/p>\n<p style=\"font-weight: 400; text-align: justify;\">In caso di situazioni o avvenimenti non previsti dal presente Regolamento Interno, sar\u00e0 compito dell\u2019Esecutivo Federale elaborarne la relativa norma da sottoporre al Consiglio Federale e se approvata inserirla nel Regolamento Interno.<\/p>\n<p style=\"font-weight: 400; text-align: justify;\">For anything else not provided for in these Internal Regulations, as far as applicable, reference is made to the rules and provisions of the Federal Statute.<\/p>\n<p style=\"font-weight: 400; text-align: justify;\"><strong>Approvato, su proposta dell\u2019Esecutivo Nazionale, dal Consiglio Nazionale Federale in data 22 gennaio 2026.<\/strong><\/p>\n<p style=\"text-align: justify;\">","protected":false},"excerpt":{"rendered":"<p>FEDAIISF Federazione delle Associazioni Italiane di Informatori Scientifici del Farmaco Regolamento Interno FEDAIISF Art. 1- Per posizione asindacale s\u2019intende che Fedaiisf non tratta direttamente i problemi sindacali, ma li dibatte e li individua per poi sottoporli alle OO.SS. di categoria. Per apartitica s\u2019intende che non entra nelle logiche di partito presenti in Italia n\u00e9 ne &hellip;<\/p>","protected":false},"author":4,"featured_media":84142,"parent":0,"menu_order":0,"comment_status":"closed","ping_status":"closed","template":"","meta":{"footnotes":""},"class_list":["post-86076","page","type-page","status-publish","has-post-thumbnail","hentry"],"_links":{"self":[{"href":"https:\/\/www.fedaiisf.it\/en\/wp-json\/wp\/v2\/pages\/86076","targetHints":{"allow":["GET"]}}],"collection":[{"href":"https:\/\/www.fedaiisf.it\/en\/wp-json\/wp\/v2\/pages"}],"about":[{"href":"https:\/\/www.fedaiisf.it\/en\/wp-json\/wp\/v2\/types\/page"}],"author":[{"embeddable":true,"href":"https:\/\/www.fedaiisf.it\/en\/wp-json\/wp\/v2\/users\/4"}],"replies":[{"embeddable":true,"href":"https:\/\/www.fedaiisf.it\/en\/wp-json\/wp\/v2\/comments?post=86076"}],"version-history":[{"count":6,"href":"https:\/\/www.fedaiisf.it\/en\/wp-json\/wp\/v2\/pages\/86076\/revisions"}],"predecessor-version":[{"id":86092,"href":"https:\/\/www.fedaiisf.it\/en\/wp-json\/wp\/v2\/pages\/86076\/revisions\/86092"}],"wp:featuredmedia":[{"embeddable":true,"href":"https:\/\/www.fedaiisf.it\/en\/wp-json\/wp\/v2\/media\/84142"}],"wp:attachment":[{"href":"https:\/\/www.fedaiisf.it\/en\/wp-json\/wp\/v2\/media?parent=86076"}],"curies":[{"name":"wp","href":"https:\/\/api.w.org\/{rel}","templated":true}]}}